{"id":1119,"date":"2020-04-05T12:58:48","date_gmt":"2020-04-05T09:58:48","guid":{"rendered":"http:\/\/www.fhl.fi\/?page_id=1119"},"modified":"2020-04-05T12:58:48","modified_gmt":"2020-04-05T09:58:48","slug":"uutta-etafysioterapia","status":"publish","type":"page","link":"https:\/\/www.fhl.fi\/?page_id=1119","title":{"rendered":"! Uutta! Et\u00e4fysioterapia"},"content":{"rendered":"\n<p>Tiedoksi asiakkaillemme. <\/p>\n\n\n\n<p><strong>Uutena, epidemia-aikana turvallisena fysioterapiamuotona olemme ottamassa k\u00e4ytt\u00f6\u00f6n et\u00e4fysioterapian<\/strong>. K\u00e4yt\u00f6ss\u00e4 on s\u00e4hk\u00f6isen asiakasj\u00e4rjestelm\u00e4mme Diariumin tarjoama palvelu, jossa asiakkkaan tarvitsee vaan ladata Google Play-kaupasta tai Appstoresta Viivi Health sovellus. <\/p>\n\n\n\n<p>Ohjelmaa voi k\u00e4ytt\u00e4\u00e4 sek\u00e4 mobiililaitteilla ett\u00e4 tietokoneella. Huomioithan, ett\u00e4 kummassakin tapauksessa tarvitaan palvelun k\u00e4ytt\u00e4miseen toimiva netti- tai datayhteys sek\u00e4 kamera.<\/p>\n\n\n\n<p>Terapeutti tekee et\u00e4fysioterapiasta\najanvarauksen j\u00e4rjestelm\u00e4\u00e4n ja sit\u00e4 kautta asiakkaalle l\u00e4het\u00e4\u00e4n linkki, jonka\navaamalla sovittuun aikan videoyhteys alkaa. <\/p>\n\n\n\n<p>T\u00e4m\u00e4 uusi toimintatapa vaatii tietysti opettelua ja kaikkea fysioterapiaa t\u00e4m\u00e4 ei tietenk\u00e4\u00e4n korvaa. Kuitenkin t\u00e4m\u00e4n avulla pystyt\u00e4\u00e4n oikea-aikaisesti ohjeistamaan ja neuvomaan asioissa, joissa asiakkaan oma aktiivinen tekeminen on kuntoutumisen kannalta t\u00e4rke\u00e4\u00e4. Videoyhteys mahdollistaa harjoitteiden n\u00e4ytt\u00e4misen ja oikeaoppisten tekniikoiden ohjauksen reaaliajassa.  <\/p>\n\n\n\n<p>T\u00e4ll\u00e4 hetkell\u00e4 et\u00e4yhteyden on laitoksessamme ottamassa k\u00e4ytt\u00f6\u00f6n Jutta. Lis\u00e4tietoja ja varaukset puhelimitse 0503737231 <\/p>\n","protected":false},"excerpt":{"rendered":"<p>Tiedoksi asiakkaillemme. Uutena, epidemia-aikana turvallisena fysioterapiamuotona olemme ottamassa k\u00e4ytt\u00f6\u00f6n et\u00e4fysioterapian. K\u00e4yt\u00f6ss\u00e4 on s\u00e4hk\u00f6isen asiakasj\u00e4rjestelm\u00e4mme Diariumin tarjoama palvelu, jossa asiakkkaan tarvitsee vaan ladata Google Play-kaupasta tai Appstoresta Viivi Health sovellus. Ohjelmaa voi k\u00e4ytt\u00e4\u00e4 sek\u00e4 mobiililaitteilla ett\u00e4 tietokoneella. Huomioithan, ett\u00e4 kummassakin tapauksessa tarvitaan palvelun k\u00e4ytt\u00e4miseen toimiva netti- tai datayhteys sek\u00e4 kamera. Terapeutti tekee et\u00e4fysioterapiasta ajanvarauksen j\u00e4rjestelm\u00e4\u00e4n ja &hellip; <\/p>\n<p class=\"link-more\"><a href=\"https:\/\/www.fhl.fi\/?page_id=1119\" class=\"more-link\">Jatka lukemista<span class=\"screen-reader-text\"> &#8221;! Uutta! Et\u00e4fysioterapia&#8221;<\/span><\/a><\/p>\n","protected":false},"author":2,"featured_media":0,"parent":0,"menu_order":0,"comment_status":"closed","ping_status":"closed","template":"","meta":{"footnotes":""},"class_list":["post-1119","page","type-page","status-publish","hentry"],"_links":{"self":[{"href":"https:\/\/www.fhl.fi\/index.php?rest_route=\/wp\/v2\/pages\/1119","targetHints":{"allow":["GET"]}}],"collection":[{"href":"https:\/\/www.fhl.fi\/index.php?rest_route=\/wp\/v2\/pages"}],"about":[{"href":"https:\/\/www.fhl.fi\/index.php?rest_route=\/wp\/v2\/types\/page"}],"author":[{"embeddable":true,"href":"https:\/\/www.fhl.fi\/index.php?rest_route=\/wp\/v2\/users\/2"}],"replies":[{"embeddable":true,"href":"https:\/\/www.fhl.fi\/index.php?rest_route=%2Fwp%2Fv2%2Fcomments&post=1119"}],"version-history":[{"count":2,"href":"https:\/\/www.fhl.fi\/index.php?rest_route=\/wp\/v2\/pages\/1119\/revisions"}],"predecessor-version":[{"id":1121,"href":"https:\/\/www.fhl.fi\/index.php?rest_route=\/wp\/v2\/pages\/1119\/revisions\/1121"}],"wp:attachment":[{"href":"https:\/\/www.fhl.fi\/index.php?rest_route=%2Fwp%2Fv2%2Fmedia&parent=1119"}],"curies":[{"name":"wp","href":"https:\/\/api.w.org\/{rel}","templated":true}]}}