{"id":15,"date":"2012-10-13T08:17:23","date_gmt":"2012-10-13T05:17:23","guid":{"rendered":"http:\/\/www.tuorinratsutila.fi\/hoitolaitos\/?page_id=15"},"modified":"2026-03-15T13:13:55","modified_gmt":"2026-03-15T11:13:55","slug":"palvelut","status":"publish","type":"page","link":"https:\/\/www.fhl.fi\/?page_id=15","title":{"rendered":"Palvelut"},"content":{"rendered":"<p><strong>Fysioterapia<\/strong><\/p>\n<p>Fysioterapia r\u00e4\u00e4t\u00e4l\u00f6id\u00e4\u00e4n aina asiakkaan toiveiden ja tarpeiden mukaan. Fysioterapeutti tekee alkuhaastattelun ja tutkimisen j\u00e4lkeen yhdess\u00e4 asiakkaan kanssa hoitosuunnitelman. Fysioterapian tavoitteena on parantaa ja yll\u00e4pit\u00e4\u00e4 \u00a0ihmisen toiminta- ja liikuntakyky\u00e4 ja lievitt\u00e4\u00e4 kipuoireita ohjauksen, harjoittelun ja manuaalisen terapian keinoin.<\/p>\n<p><strong>Kivun hoito<\/strong><\/p>\n<p>Fysikaalisia hoitoja k\u00e4ytet\u00e4\u00e4n fysioterapiassa kivun lievitt\u00e4miseen, aineenvaihdunnan parantamiseen, pehmytkudoksen venyvyden sek\u00e4 rentouden lis\u00e4\u00e4miseen. Tehokkaita kivun lievitys keinoja on manuaalisen k\u00e4sittelyn ohjella akupunktio ja laser. Lis\u00e4ksi my\u00f6s kinesioteippauksella on mahdollista saada kipua lievitt\u00e4v\u00e4 vaikutus.<\/p>\n<p>Kroonista kipua hoidetaan my\u00f6s tarvittaessa peiliterapian ja erilaista hahmotusharjoitusten avulla. Kivun lievitys eri keinoin, toimintakyvyn yll\u00e4pysyminen, omat keinot arjessa p\u00e4rj\u00e4\u00e4miseen ovat kroonisen kivun hoidon l\u00e4ht\u00f6kohtia.<\/p>\n<p><strong>Psykofyysinen fysioterapia<\/strong><\/p>\n<p>Psykofyysisen fysioterapian tavoitteena on yksil\u00f6llisesti ja kokonaisvaltaisesti tarttua asiakkaan haasteisiin, vahvistaa ja syvent\u00e4\u00e4 keho-mieli yhteytt\u00e4 ja vuorovaikutusta. Kokemuksellisen, vahvasti vuorovaikutuksellisen terapiamuodon kautta pyrit\u00e4\u00e4n auttamaan asiakasta l\u00f6yt\u00e4m\u00e4\u00e4n selviytymiskeinoja ja ratkaisumalleja el\u00e4m\u00e4\u00e4ns\u00e4. Tavoitteena on oppia arvostamaan ja hyv\u00e4ksym\u00e4\u00e4n omaa kehoaan ja sen reaktioita, oppia itses\u00e4\u00e4tely\u00e4 ja nonverbaalia ilmaisua, tunteiden tulkintaa ja sanottamista sek\u00e4 l\u00f6yt\u00e4\u00e4 itselle sopivia tapoja liikkua ja ilmaista itse\u00e4\u00e4n. (Psykofyysisen fysioterapian yhdistys; <a href=\"https:\/\/psyfy.net\/psykofyysinen-fysioterapia\/\">https:\/\/psyfy.net\/psykofyysinen-fysioterapia\/<\/a>)<\/p>\n<p><em><strong>Hoitomuodot<\/strong>:<\/em><\/p>\n<ul>\n<li><strong><em>Manuaalinen k\u00e4sittely l\u00e4hinn\u00e4 faskiatekniikoin<\/em><\/strong><\/li>\n<li><em><strong>Huippukylm\u00e4hoito<\/strong>\u00a0<\/em>kivun, turvotuksen, tulehduksen lievitykseen. Sopii akuutteihin vammoihin, palautumiseen ja kroonisen kivun lievittymiseen. Aktivoi kehon luonnollisia paranemismekanismeja.<\/li>\n<li><em><strong>Akupunktio <\/strong>kivun hoitona ja hermoston rauhoittamiseen<\/em><\/li>\n<li><strong><em>Kinesioteippaus muun terapian ohjella <\/em><\/strong>ohjaamaan, tukemaan ja aktivoimaan<\/li>\n<li><strong><em>Laser-kipuhoito\u00a0<\/em><\/strong><em>lievitt\u00e4m\u00e4\u00e4n kipua, vilkastuttamaan paranemisprosesseja vaikuttaen verenkiertoa vilkastuttaen.<\/em><\/li>\n<li><strong>+<em>mahdollisuus my\u00f6s erikoisosaajien konsultaatioihin.<\/em><\/strong><\/li>\n<\/ul>\n<p><strong>Ratsastusterapia<\/strong><\/p>\n<p>Tarjoamme ratsastusterapiaa Kelan vaativan l\u00e4\u00e4kinn\u00e4llisen kuntoutuksen sopimuksella, vakuutusyhti\u00f6iden maksusitoumuksilla sek\u00e4 itsemaksavasti. Ratsastusterapia toteutuu Tuorin Ratsutilalla. Ratsastusterapiasta l\u00f6ytyy enemm\u00e4n tietoa omalla sivullaan.<\/p>\n<p><strong>El\u00e4infysioterapia<\/strong><\/p>\n<p>El\u00e4infysioterapiaa p\u00e4\u00e4osin koirille tarjoaa Ella Tuori Tuorin Ratsutilalla sijaitsevassa toimipisteess\u00e4mme.<\/p>\n<p><strong>Erityisosaaminen:<\/strong><\/p>\n<p><em>Mik\u00e4li olet kiinnostunut alla olevista terapiamuodoista, ota yhteytt\u00e4 suoraan asianosaisiin.<\/em><\/p>\n<p><strong>Krooninen kipu, akupunktio, faskia, huippukylm\u00e4, psykofyysinen fysioterapia &#8211; Jutta Tuori 0503737231<\/strong><\/p>\n<p><strong>OMT-terapia, akupunktio, urheilufysioterapia, faskia manipulaatio &#8211; Hannu Lehtim\u00e4ki 0505232124<\/strong><\/p>\n<p><strong>Ratsastusterapia- Ella ja Jutta Tuori 0505573450\/ 0503737231<\/strong><\/p>\n<p><strong>El\u00e4infysioterapia- Ella Tuori 050 5573450<\/strong><\/p>\n","protected":false},"excerpt":{"rendered":"<p>Fysioterapia Fysioterapia r\u00e4\u00e4t\u00e4l\u00f6id\u00e4\u00e4n aina asiakkaan toiveiden ja tarpeiden mukaan. Fysioterapeutti tekee alkuhaastattelun ja tutkimisen j\u00e4lkeen yhdess\u00e4 asiakkaan kanssa hoitosuunnitelman. Fysioterapian tavoitteena on parantaa ja yll\u00e4pit\u00e4\u00e4 \u00a0ihmisen toiminta- ja liikuntakyky\u00e4 ja lievitt\u00e4\u00e4 kipuoireita ohjauksen, harjoittelun ja manuaalisen terapian keinoin. Kivun hoito Fysikaalisia hoitoja k\u00e4ytet\u00e4\u00e4n fysioterapiassa kivun lievitt\u00e4miseen, aineenvaihdunnan parantamiseen, pehmytkudoksen venyvyden sek\u00e4 rentouden lis\u00e4\u00e4miseen. Tehokkaita kivun &hellip; <\/p>\n<p class=\"link-more\"><a href=\"https:\/\/www.fhl.fi\/?page_id=15\" class=\"more-link\">Jatka lukemista<span class=\"screen-reader-text\"> &#8221;Palvelut&#8221;<\/span><\/a><\/p>\n","protected":false},"author":4,"featured_media":0,"parent":0,"menu_order":0,"comment_status":"closed","ping_status":"closed","template":"","meta":{"footnotes":""},"class_list":["post-15","page","type-page","status-publish","hentry"],"_links":{"self":[{"href":"https:\/\/www.fhl.fi\/index.php?rest_route=\/wp\/v2\/pages\/15","targetHints":{"allow":["GET"]}}],"collection":[{"href":"https:\/\/www.fhl.fi\/index.php?rest_route=\/wp\/v2\/pages"}],"about":[{"href":"https:\/\/www.fhl.fi\/index.php?rest_route=\/wp\/v2\/types\/page"}],"author":[{"embeddable":true,"href":"https:\/\/www.fhl.fi\/index.php?rest_route=\/wp\/v2\/users\/4"}],"replies":[{"embeddable":true,"href":"https:\/\/www.fhl.fi\/index.php?rest_route=%2Fwp%2Fv2%2Fcomments&post=15"}],"version-history":[{"count":31,"href":"https:\/\/www.fhl.fi\/index.php?rest_route=\/wp\/v2\/pages\/15\/revisions"}],"predecessor-version":[{"id":2374,"href":"https:\/\/www.fhl.fi\/index.php?rest_route=\/wp\/v2\/pages\/15\/revisions\/2374"}],"wp:attachment":[{"href":"https:\/\/www.fhl.fi\/index.php?rest_route=%2Fwp%2Fv2%2Fmedia&parent=15"}],"curies":[{"name":"wp","href":"https:\/\/api.w.org\/{rel}","templated":true}]}}