{"id":2,"date":"2012-10-12T11:01:30","date_gmt":"2012-10-12T08:01:30","guid":{"rendered":"http:\/\/www.tuorinratsutila.fi\/hoitolaitos\/?page_id=2"},"modified":"2019-06-24T11:13:38","modified_gmt":"2019-06-24T08:13:38","slug":"esimerkkisivu","status":"publish","type":"page","link":"https:\/\/www.fhl.fi\/","title":{"rendered":"FHL Ella Tuori ky"},"content":{"rendered":"<p><strong>Tervetuloa aktiiviseen ja ajantasalla olevaan kuntoutukseen!<\/strong><\/p>\n<p>Laitoksemme toimii jo kolmannessa polvessa. Pid\u00e4mme yll\u00e4 ammattitaitoamme ja osaamistamme jatkuvalla kouluttautumisella ja konsultaatioilla\/ ty\u00f6nohjauksilla. Meille asiakkaan auttaminen on syd\u00e4men asia.<\/p>\n<p><a href=\"http:\/\/www.fhl.fi\/wp-content\/uploads\/2012\/10\/WP_20140924_010.jpg\"><img loading=\"lazy\" decoding=\"async\" class=\"aligncenter size-large wp-image-121\" src=\"http:\/\/www.fhl.fi\/wp-content\/uploads\/2012\/10\/WP_20140924_010-1024x576.jpg\" alt=\"FHL Ella Tuori ky\" width=\"545\" height=\"306\" srcset=\"https:\/\/www.fhl.fi\/wp-content\/uploads\/2012\/10\/WP_20140924_010-1024x576.jpg 1024w, https:\/\/www.fhl.fi\/wp-content\/uploads\/2012\/10\/WP_20140924_010-300x169.jpg 300w, https:\/\/www.fhl.fi\/wp-content\/uploads\/2012\/10\/WP_20140924_010.jpg 1278w\" sizes=\"auto, (max-width: 545px) 100vw, 545px\" \/><\/a><\/p>\n<p>Olemme Kuntoutusyritt\u00e4j\u00e4t ry:n j\u00e4senlaitos.<\/p>\n<p>Potilasasiamiehen\u00e4 toimii Ismo Saarinen.<\/p>\n<p><a href=\"http:\/\/www.fhl.fi\/wp-content\/uploads\/2019\/06\/logo.png\"><img loading=\"lazy\" decoding=\"async\" class=\"alignleft wp-image-783 size-medium\" title=\"FYSI\" src=\"http:\/\/www.fhl.fi\/wp-content\/uploads\/2019\/06\/logo-300x70.png\" alt=\"\" width=\"300\" height=\"70\" srcset=\"https:\/\/www.fhl.fi\/wp-content\/uploads\/2019\/06\/logo-300x70.png 300w, https:\/\/www.fhl.fi\/wp-content\/uploads\/2019\/06\/logo.png 466w\" sizes=\"auto, (max-width: 300px) 100vw, 300px\" \/><\/a><\/p>\n<p><strong>Mit\u00e4 ja miten?<\/strong><\/p>\n<p>Fysioterapiassa arvioidaan asiakkaan terveytt\u00e4, liikkumista, toimintakyky\u00e4 ja toiminnan rajoitteita. Fysioterapian menetelmi\u00e4 ovat mm. terveytt\u00e4 ja toimintakyky\u00e4 edist\u00e4v\u00e4 ohjaus ja neuvonta, terapeuttinen harjoittelu, manuaalinen ja fysikaalinen terapia sek\u00e4 apuv\u00e4linepalvelut.<\/p>\n<p>Asiakkaan haastattelun, tutkimisen sek\u00e4 l\u00e4\u00e4k\u00e4rin l\u00e4hetteen perusteella kartoitaan asiakkaan l\u00e4ht\u00f6tilanne ja fysioterapeuttiset ongelmat. Terapiamuotojen valinta tapahtuu l\u00e4\u00e4k\u00e4rin suosituksen ja fysioterapeutin tutkimisen pohjalta.<\/p>\n<h3><img decoding=\"async\" src=\"http:\/\/www.pohjanmaanfysioterapeutit.fi\/files\/pohjanmaanfysioterapeutit.com.kotisivukone.com\/suomen_ft.gif\" alt=\"\" \/><\/h3>\n<h3>Kipu lievemm\u00e4ksi ja harjoittelemaan!<\/h3>\n<p>Fysioterapia meill\u00e4 sis\u00e4lt\u00e4\u00e4 jokaisen asiakkaan yksil\u00f6lliset tavoitteet huomioiden aktiivista liikehoitoa, \u00a0manuaalista k\u00e4sittely\u00e4 sek\u00e4 toimintakyky\u00e4 edist\u00e4v\u00e4\u00e4 ohjausta ja neuvontaa. Kuntouttava ote on \u00a0meill\u00e4 aktiivinen ja asiakkaan omaan harjoitteluun rohkaiseva.<br \/>\nPalveluihimme kuuluu mm. akupunktio, kinesioteippaus, laserkipuhoito, pinta- ja \u00a0syv\u00e4l\u00e4mp\u00f6hoidot sek\u00e4 uutuutena huippukylm\u00e4hoito.<\/p>\n<p><strong>Lis\u00e4ksi tarjoamme ratsastusterapiaa, katso lis\u00e4\u00e4:\u00a0<\/strong><\/p>\n<blockquote class=\"wp-embedded-content\" data-secret=\"70u07KSRFk\"><p><a href=\"https:\/\/tuorinratsutila.fi\/cropped-etusivu2-2-jpg\/\">cropped-etusivu2-2.jpg<\/a><\/p><\/blockquote>\n<p><iframe loading=\"lazy\" class=\"wp-embedded-content\" sandbox=\"allow-scripts\" security=\"restricted\" style=\"position: absolute; clip: rect(1px, 1px, 1px, 1px);\" title=\"&#8221;cropped-etusivu2-2.jpg&#8221; &#8212; tuorin ratsutila\" src=\"https:\/\/tuorinratsutila.fi\/cropped-etusivu2-2-jpg\/embed\/#?secret=OkBPNgiOZw#?secret=70u07KSRFk\" data-secret=\"70u07KSRFk\" width=\"525\" height=\"296\" frameborder=\"0\" marginwidth=\"0\" marginheight=\"0\" scrolling=\"no\"><\/iframe><\/p>\n<p><a href=\"http:\/\/www.fhl.fi\/wp-content\/uploads\/2012\/10\/logo_muokattu.jpg\"><img loading=\"lazy\" decoding=\"async\" class=\"aligncenter size-thumbnail wp-image-124\" src=\"http:\/\/www.fhl.fi\/wp-content\/uploads\/2012\/10\/logo_muokattu-150x150.jpg\" alt=\"logo_muokattu\" width=\"150\" height=\"150\" \/><\/a><\/p>\n","protected":false},"excerpt":{"rendered":"<p>Tervetuloa aktiiviseen ja ajantasalla olevaan kuntoutukseen! Laitoksemme toimii jo kolmannessa polvessa. Pid\u00e4mme yll\u00e4 ammattitaitoamme ja osaamistamme jatkuvalla kouluttautumisella ja konsultaatioilla\/ ty\u00f6nohjauksilla. Meille asiakkaan auttaminen on syd\u00e4men asia. Olemme Kuntoutusyritt\u00e4j\u00e4t ry:n j\u00e4senlaitos. Potilasasiamiehen\u00e4 toimii Ismo Saarinen. Mit\u00e4 ja miten? Fysioterapiassa arvioidaan asiakkaan terveytt\u00e4, liikkumista, toimintakyky\u00e4 ja toiminnan rajoitteita. Fysioterapian menetelmi\u00e4 ovat mm. terveytt\u00e4 ja toimintakyky\u00e4 edist\u00e4v\u00e4 &hellip; <\/p>\n<p class=\"link-more\"><a href=\"https:\/\/www.fhl.fi\/\" class=\"more-link\">Jatka lukemista<span class=\"screen-reader-text\"> &#8221;FHL Ella Tuori ky&#8221;<\/span><\/a><\/p>\n","protected":false},"author":4,"featured_media":0,"parent":0,"menu_order":0,"comment_status":"closed","ping_status":"closed","template":"","meta":{"footnotes":""},"class_list":["post-2","page","type-page","status-publish","hentry"],"_links":{"self":[{"href":"https:\/\/www.fhl.fi\/index.php?rest_route=\/wp\/v2\/pages\/2","targetHints":{"allow":["GET"]}}],"collection":[{"href":"https:\/\/www.fhl.fi\/index.php?rest_route=\/wp\/v2\/pages"}],"about":[{"href":"https:\/\/www.fhl.fi\/index.php?rest_route=\/wp\/v2\/types\/page"}],"author":[{"embeddable":true,"href":"https:\/\/www.fhl.fi\/index.php?rest_route=\/wp\/v2\/users\/4"}],"replies":[{"embeddable":true,"href":"https:\/\/www.fhl.fi\/index.php?rest_route=%2Fwp%2Fv2%2Fcomments&post=2"}],"version-history":[{"count":27,"href":"https:\/\/www.fhl.fi\/index.php?rest_route=\/wp\/v2\/pages\/2\/revisions"}],"predecessor-version":[{"id":784,"href":"https:\/\/www.fhl.fi\/index.php?rest_route=\/wp\/v2\/pages\/2\/revisions\/784"}],"wp:attachment":[{"href":"https:\/\/www.fhl.fi\/index.php?rest_route=%2Fwp%2Fv2%2Fmedia&parent=2"}],"curies":[{"name":"wp","href":"https:\/\/api.w.org\/{rel}","templated":true}]}}