{"id":291,"date":"2018-05-24T21:55:05","date_gmt":"2018-05-24T18:55:05","guid":{"rendered":"http:\/\/www.fhl.fi\/?page_id=291"},"modified":"2026-04-20T10:34:07","modified_gmt":"2026-04-20T07:34:07","slug":"tietosuojaseloste","status":"publish","type":"page","link":"https:\/\/www.fhl.fi\/?page_id=291","title":{"rendered":"Tietosuojaseloste"},"content":{"rendered":"\n<p>TIETOSUOJASELOSTE \u00a0\u00a0\u00a0\u00a0\u00a0\u00a0\u00a0\u00a0\u00a0\u00a0\u00a0\u00a0\u00a0 p\u00e4ivitetty 20.4.2026<\/p>\n\n\n\n<ol class=\"wp-block-list\">\n<li>REKISTERINPIT\u00c4J\u00c4 &amp; YHTEYSHENKIL\u00d6<\/li>\n<\/ol>\n\n\n\n<p>Fysikaalinen hoitolaitos Ella Tuori ky\/ Jutta Tuori<\/p>\n\n\n\n<p>Pennintie 3 32700 Huittinen<\/p>\n\n\n\n<p>0503737231<\/p>\n\n\n\n<p><a href=\"http:\/\/www.fhl.fi\">www.fhl.fi<\/a><\/p>\n\n\n\n<p><a href=\"mailto:jutta.tuori@gmail.com\">jutta.tuori@gmail.com<\/a><\/p>\n\n\n\n<ul class=\"wp-block-list\">\n<li>&nbsp;REKISTERIN NIMI<\/li>\n<\/ul>\n\n\n\n<p>Asiakastietorekisteri<\/p>\n\n\n\n<ul class=\"wp-block-list\">\n<li>HENKIL\u00d6TIETOJEN K\u00c4SITTELYN TARKOITUS<\/li>\n<\/ul>\n\n\n\n<p>Asiakkaan henkil\u00f6tiedot ker\u00e4t\u00e4\u00e4n laskutusta varten(l\u00e4\u00e4k\u00e4rin l\u00e4hetteen tiedot) ja fysioterapiak\u00e4ynnit kirjataan seurannan ja raportoinnin mahdollistamiseksi.<\/p>\n\n\n\n<ul class=\"wp-block-list\">\n<li>REKISTERIN TIETOSIS\u00c4LT\u00d6<\/li>\n\n\n\n<li>henkil\u00f6tiedot(hetu, osoitetiedot)<\/li>\n\n\n\n<li>l\u00e4\u00e4k\u00e4rin tutkimus-ja hoitom\u00e4\u00e4r\u00e4yksen tiedot<\/li>\n\n\n\n<li>omat kirjaukset fysioterapian sis\u00e4ll\u00f6st\u00e4<\/li>\n\n\n\n<li>laskutustiedot<\/li>\n<\/ul>\n\n\n\n<ul class=\"wp-block-list\">\n<li>S\u00c4\u00c4NN\u00d6NMUKAISET TIETOL\u00c4HTEET (mist\u00e4 henkil\u00f6tiedot saatu)<\/li>\n<\/ul>\n\n\n\n<p>Henkil\u00f6tiedot saatu asiakkaalta itselt\u00e4\u00e4n, huoltajalta tai l\u00e4hett\u00e4v\u00e4lt\u00e4 taholta<\/p>\n\n\n\n<ul class=\"wp-block-list\">\n<li>TIETOJEN VASTAANOTTAJAT<\/li>\n<\/ul>\n\n\n\n<p>-Nordhealth Finland oy<\/p>\n\n\n\n<p>&#8211; Vakuutusyhti\u00f6t<\/p>\n\n\n\n<p>&#8211; Satakunnan hyvinvointialue<\/p>\n\n\n\n<p>&#8211; Kela<\/p>\n\n\n\n<p>&#8211; Ty\u00f6terveyshuolto\/ty\u00f6nantajat(laskutus)<\/p>\n\n\n\n<p>&#8211; Terveystalo Huittisten ty\u00f6terveyshuolto<\/p>\n\n\n\n<p>&#8211; Valtionkonttori<\/p>\n\n\n\n<p>&#8211; Huittisten kaupunki<\/p>\n\n\n\n<p>&#8211; Mela<\/p>\n\n\n\n<p>&#8211; Mahdolliset muut hyvinvointialueet<\/p>\n\n\n\n<p>7. TIETOJEN SIIRTO EU:n tai ETA:n ULKOPUOLELLE<\/p>\n\n\n\n<p>Ei tiedonsiirtoa<\/p>\n\n\n\n<ul class=\"wp-block-list\">\n<li>REKISTERIN SUOJAUKSEN PERIAATTEET<\/li>\n<\/ul>\n\n\n\n<p>-K\u00e4ytet\u00e4\u00e4n suojattua internetyhteytt\u00e4 ja tietosuojalain m\u00e4\u00e4r\u00e4ysten mukaista asiakasrekisteriohjelmaa(Nordhealth Finland Oy)<\/p>\n\n\n\n<p>&#8211; Huolehditaan, ett\u00e4 ulkopuolisilta tietokoneelle p\u00e4\u00e4sy on estetty( salasanasuojaus ja toimiakortti)<\/p>\n\n\n\n<p>&#8211; Huolehditaan, ett\u00e4 tiedot eiv\u00e4t tahattomasti katoa, tuhoudu tai vahingoitu<\/p>\n\n\n\n<p>&#8211; Huolehditaan, ett\u00e4 kaikki henkil\u00f6t, joilla on oikeus k\u00e4sitell\u00e4 henkil\u00f6tietoja, ovat sitoutuneet noudattamaan salassapitovelvollisuutta ja, ett\u00e4 tietoja k\u00e4sitell\u00e4\u00e4n ainoastaan ty\u00f6teht\u00e4vien yhteydess\u00e4 sovitussa k\u00e4ytt\u00f6tarkoituksessa.<\/p>\n\n\n\n<p>&#8211; Tietoturvaloukkauksesta ilmoitetaan asiakkaalle ilman aiheetonta viiv\u00e4styst\u00e4<\/p>\n\n\n\n<ul class=\"wp-block-list\">\n<li>&nbsp;TIETOJEN S\u00c4ILYTYSAIKA<\/li>\n\n\n\n<li>120 vuotta<\/li>\n\n\n\n<li>REKISTER\u00d6IDYN YLEISET OIKEUDET(oikeus saada p\u00e4\u00e4sy tietoihin ja ohjeet kuinka oikeutta voi k\u00e4ytt\u00e4\u00e4)<\/li>\n<\/ul>\n\n\n\n<p>Asiakkaalla on oikeus pyyt\u00e4ess\u00e4\u00e4n saada h\u00e4nt\u00e4 koskevat asiakasrekisteriin tallennetut tiedot<\/p>\n\n\n\n<ol class=\"wp-block-list\">\n<li>MUUT REKISTER\u00d6IDYN OIKEUDET( oikeus tietojen siirt\u00e4miseen)<\/li>\n<\/ol>\n\n\n\n<p>Asiakkaalla on oikeus pyyt\u00e4ess\u00e4\u00e4n saada siirt\u00e4\u00e4 h\u00e4nt\u00e4 koskevat asiakasrekisteriin tallennetut tiedot haluamalleen hoitotaholle.<\/p>\n\n\n\n<p>\u2019&nbsp;<\/p>\n\n\n\n<figure class=\"wp-block-gallery has-nested-images columns-default is-cropped wp-block-gallery-1 is-layout-flex wp-block-gallery-is-layout-flex\"><\/figure>\n","protected":false},"excerpt":{"rendered":"<p>TIETOSUOJASELOSTE \u00a0\u00a0\u00a0\u00a0\u00a0\u00a0\u00a0\u00a0\u00a0\u00a0\u00a0\u00a0\u00a0 p\u00e4ivitetty 20.4.2026 Fysikaalinen hoitolaitos Ella Tuori ky\/ Jutta Tuori Pennintie 3 32700 Huittinen 0503737231 www.fhl.fi jutta.tuori@gmail.com Asiakastietorekisteri Asiakkaan henkil\u00f6tiedot ker\u00e4t\u00e4\u00e4n laskutusta varten(l\u00e4\u00e4k\u00e4rin l\u00e4hetteen tiedot) ja fysioterapiak\u00e4ynnit kirjataan seurannan ja raportoinnin mahdollistamiseksi. Henkil\u00f6tiedot saatu asiakkaalta itselt\u00e4\u00e4n, huoltajalta tai l\u00e4hett\u00e4v\u00e4lt\u00e4 taholta -Nordhealth Finland oy &#8211; Vakuutusyhti\u00f6t &#8211; Satakunnan hyvinvointialue &#8211; Kela &#8211; Ty\u00f6terveyshuolto\/ty\u00f6nantajat(laskutus) &#8211; Terveystalo &hellip; <\/p>\n<p class=\"link-more\"><a href=\"https:\/\/www.fhl.fi\/?page_id=291\" class=\"more-link\">Jatka lukemista<span class=\"screen-reader-text\"> &#8221;Tietosuojaseloste&#8221;<\/span><\/a><\/p>\n","protected":false},"author":4,"featured_media":0,"parent":2,"menu_order":0,"comment_status":"closed","ping_status":"closed","template":"","meta":{"footnotes":""},"class_list":["post-291","page","type-page","status-publish","hentry"],"_links":{"self":[{"href":"https:\/\/www.fhl.fi\/index.php?rest_route=\/wp\/v2\/pages\/291","targetHints":{"allow":["GET"]}}],"collection":[{"href":"https:\/\/www.fhl.fi\/index.php?rest_route=\/wp\/v2\/pages"}],"about":[{"href":"https:\/\/www.fhl.fi\/index.php?rest_route=\/wp\/v2\/types\/page"}],"author":[{"embeddable":true,"href":"https:\/\/www.fhl.fi\/index.php?rest_route=\/wp\/v2\/users\/4"}],"replies":[{"embeddable":true,"href":"https:\/\/www.fhl.fi\/index.php?rest_route=%2Fwp%2Fv2%2Fcomments&post=291"}],"version-history":[{"count":6,"href":"https:\/\/www.fhl.fi\/index.php?rest_route=\/wp\/v2\/pages\/291\/revisions"}],"predecessor-version":[{"id":2378,"href":"https:\/\/www.fhl.fi\/index.php?rest_route=\/wp\/v2\/pages\/291\/revisions\/2378"}],"up":[{"embeddable":true,"href":"https:\/\/www.fhl.fi\/index.php?rest_route=\/wp\/v2\/pages\/2"}],"wp:attachment":[{"href":"https:\/\/www.fhl.fi\/index.php?rest_route=%2Fwp%2Fv2%2Fmedia&parent=291"}],"curies":[{"name":"wp","href":"https:\/\/api.w.org\/{rel}","templated":true}]}}