{"id":463,"date":"2018-10-07T22:37:30","date_gmt":"2018-10-07T19:37:30","guid":{"rendered":"http:\/\/www.fhl.fi\/?page_id=463"},"modified":"2026-04-20T13:47:42","modified_gmt":"2026-04-20T10:47:42","slug":"ratsastusterapia","status":"publish","type":"page","link":"https:\/\/www.fhl.fi\/?page_id=463","title":{"rendered":"Ratsastusterapia"},"content":{"rendered":"<p><em><span style=\"font-size: 14pt;\">Ratsastusterapia on yksil\u00f6llist\u00e4, suunnitelmallista ja tavoitteellista kuntoutusta, jossa ratsastaja on mukana kehollaan ja tunteillaan. Keskeist\u00e4 on asiakkaan, hevosen ja terapeutin vuorovaikutus.<a href=\"http:\/\/www.fhl.fi\/wp-content\/uploads\/2026\/04\/IMG-20241018-WA0015.jpg\"><img loading=\"lazy\" decoding=\"async\" class=\"alignright size-medium wp-image-2382\" src=\"http:\/\/www.fhl.fi\/wp-content\/uploads\/2026\/04\/IMG-20241018-WA0015-225x300.jpg\" alt=\"\" width=\"225\" height=\"300\" srcset=\"https:\/\/www.fhl.fi\/wp-content\/uploads\/2026\/04\/IMG-20241018-WA0015-225x300.jpg 225w, https:\/\/www.fhl.fi\/wp-content\/uploads\/2026\/04\/IMG-20241018-WA0015-768x1024.jpg 768w, https:\/\/www.fhl.fi\/wp-content\/uploads\/2026\/04\/IMG-20241018-WA0015-1152x1536.jpg 1152w, https:\/\/www.fhl.fi\/wp-content\/uploads\/2026\/04\/IMG-20241018-WA0015.jpg 1500w\" sizes=\"auto, (max-width: 225px) 100vw, 225px\" \/><\/a><\/span><\/em><\/p>\n<p><em><span style=\"font-size: 14pt;\">Ratsastusterapiassa saavutetaan fyysisen kehonhallinnan lis\u00e4ksi el\u00e4myksi\u00e4, joita omassa arjessa olevien haasteiden takia ei muuten ole mahdollista saavuttaa. Onnistumiset ja kehityksen selke\u00e4 huomaaminen tukee itsetunnon kehittymist\u00e4. Ratsastusterapialla on my\u00f6s kasvatuksellisia tavoitteita mm. itsehillint\u00e4, keskittyminen, pelon voittaminen, onnistumisen ilo.<\/span><\/em><\/p>\n<figure id=\"attachment_2375\" aria-describedby=\"caption-attachment-2375\" style=\"width: 300px\" class=\"wp-caption alignright\"><a href=\"http:\/\/www.fhl.fi\/wp-content\/uploads\/2026\/03\/IMG_20260315_125740.jpg\"><img loading=\"lazy\" decoding=\"async\" class=\"size-medium wp-image-2375\" src=\"http:\/\/www.fhl.fi\/wp-content\/uploads\/2026\/03\/IMG_20260315_125740-300x223.jpg\" alt=\"\" width=\"300\" height=\"223\" srcset=\"https:\/\/www.fhl.fi\/wp-content\/uploads\/2026\/03\/IMG_20260315_125740-300x223.jpg 300w, https:\/\/www.fhl.fi\/wp-content\/uploads\/2026\/03\/IMG_20260315_125740-1024x760.jpg 1024w, https:\/\/www.fhl.fi\/wp-content\/uploads\/2026\/03\/IMG_20260315_125740-768x570.jpg 768w, https:\/\/www.fhl.fi\/wp-content\/uploads\/2026\/03\/IMG_20260315_125740.jpg 1080w\" sizes=\"auto, (max-width: 300px) 100vw, 300px\" \/><\/a><figcaption id=\"caption-attachment-2375\" class=\"wp-caption-text\">Oplus_16908288<\/figcaption><\/figure>\n<p><strong><span style=\"font-size: 14pt;\">Ratsastusterapian erityispiirteet<\/span>:<\/strong><\/p>\n<p><span style=\"font-size: 14pt;\"><strong>Liike<\/strong><\/span><\/p>\n<p>Hevosen k\u00e4velless\u00e4 siit\u00e4 v\u00e4littyy ratsastajaan minuutin aikana noin 100 moniulotteista, symmetrist\u00e4 ja rytmist\u00e4 liikeimpulssia, jotka aikaansaavat sen sel\u00e4ss\u00e4 istuvaan ratsastajaan k\u00e4velynkaltaisia liikemalleja. Hevosen l\u00e4mp\u00f6 ja liike saaavat aikaan fysiologisesti oikeanlaisen rentouttavan vaikutuksen. Hevosen l\u00e4mp\u00f6\u00e4 ja karvapeitett\u00e4 voidaan hy\u00f6dynt\u00e4\u00e4 my\u00f6s karaisussa aistiyliherkkien ja kroonisesta kivusta k\u00e4rsivien asiakkaiden kanssa.<\/p>\n<div class=\"et_pb_column et_pb_column_1_3 et_pb_column_11 et_pb_css_mix_blend_mode_passthrough\">\n<div class=\"et_pb_module et_pb_text et_pb_text_5 et_pb_bg_layout_light et_pb_text_align_left\">\n<div class=\"et_pb_text_inner\">\n<p>Hevosen liike vaikuttaa ihmiseen tunto-, tasapaino- ja liikeaistij\u00e4rjestelmien kautta. N\u00e4m\u00e4 aistimukset parantavat tietoisuutta omasta kehostamme, jolloin liikkeiden suunnittelu ja taitavuus paranevat.<\/p>\n<p><span style=\"font-size: 14pt;\"><strong>Ainutlaatuinen terapiaymp\u00e4rist\u00f6<\/strong><\/span><\/p>\n<p>Ratsastusterapia talliymp\u00e4rist\u00f6ineen mahdollistaa lis\u00e4ksi hyvin monipuolisia haju-, kuulo- ja n\u00e4k\u00f6aistikokemuksia. Talliymp\u00e4rist\u00f6ss\u00e4 asiakkaat ovat osa talliyhteis\u00f6\u00e4 mik\u00e4 luo yhteenkuuluvuuden tunnetta.<a href=\"http:\/\/www.fhl.fi\/wp-content\/uploads\/2026\/04\/IMG_20260420_134155.jpg\"><img loading=\"lazy\" decoding=\"async\" class=\"alignright size-medium wp-image-2384\" src=\"http:\/\/www.fhl.fi\/wp-content\/uploads\/2026\/04\/IMG_20260420_134155.jpg\" alt=\"\" width=\"1\" height=\"1\" \/><\/a><\/p>\n<figure id=\"attachment_2380\" aria-describedby=\"caption-attachment-2380\" style=\"width: 169px\" class=\"wp-caption alignright\"><a href=\"http:\/\/www.fhl.fi\/wp-content\/uploads\/2026\/04\/IMG20250928075153-scaled.jpg\"><img loading=\"lazy\" decoding=\"async\" class=\"size-medium wp-image-2380\" src=\"http:\/\/www.fhl.fi\/wp-content\/uploads\/2026\/04\/IMG20250928075153-169x300.jpg\" alt=\"\" width=\"169\" height=\"300\" srcset=\"https:\/\/www.fhl.fi\/wp-content\/uploads\/2026\/04\/IMG20250928075153-169x300.jpg 169w, https:\/\/www.fhl.fi\/wp-content\/uploads\/2026\/04\/IMG20250928075153-576x1024.jpg 576w, https:\/\/www.fhl.fi\/wp-content\/uploads\/2026\/04\/IMG20250928075153-768x1365.jpg 768w, https:\/\/www.fhl.fi\/wp-content\/uploads\/2026\/04\/IMG20250928075153-864x1536.jpg 864w, https:\/\/www.fhl.fi\/wp-content\/uploads\/2026\/04\/IMG20250928075153-1152x2048.jpg 1152w, https:\/\/www.fhl.fi\/wp-content\/uploads\/2026\/04\/IMG20250928075153-scaled.jpg 1440w\" sizes=\"auto, (max-width: 169px) 100vw, 169px\" \/><\/a><figcaption id=\"caption-attachment-2380\" class=\"wp-caption-text\">oplus_3145760<\/figcaption><\/figure>\n<\/div>\n<\/div>\n<\/div>\n<div class=\"et_pb_column et_pb_column_1_3 et_pb_column_12 et_pb_css_mix_blend_mode_passthrough et-last-child\">\n<div class=\"et_pb_module et_pb_text et_pb_text_6 et_pb_bg_layout_light et_pb_text_align_left\">\n<div class=\"et_pb_text_inner\">\n<p><span style=\"font-size: 14pt;\"><strong>Terapeutit ja tilat<\/strong><\/span><\/p>\n<\/div>\n<\/div>\n<\/div>\n<p>Tuorin Ratsutilalla ratsastusterapiaa on tehty vuodesta 1990. Tiloja on rakennettu ja muokattu ratsastusterapiaan soveltuviksi, esteet\u00f6n p\u00e4\u00e4sy terapiatiloihin, turvalliset alueet sek\u00e4 auto- ett\u00e4 hevosliikenteelle on ollut tilojen suunnittelussa ensi sijaisen t\u00e4rkeit\u00e4 asioita Taksilla p\u00e4\u00e4see ihan tallin ovelle. Tallista l\u00f6ytyy tilava wc, invavarustelulla, tukia ja kaiteita sek\u00e4 useampi erilainen ramppi, josta hevosen selk\u00e4\u00e4n nousu onnistuu my\u00f6s py\u00f6r\u00e4tuolista. Tilalta l\u00f6ytyy paljon erilaisia maastoja, kaksi kentt\u00e4\u00e4, m\u00e4ki\u00e4 ja mets\u00e4\u00e4 sek\u00e4 maneesi, joka on huonolla kelill\u00e4 korvaamattoman t\u00e4rke\u00e4 terapian toteutumisen kannalta.<\/p>\n<p>Vaativaan terapiaty\u00f6h\u00f6n soveltuvia ratsuja on Tuorin Ratsutilalla useita. Koulutamme terapiahevosemme aina itse. Terapeutti valitsee asiakkaalle hevosen ensin tutustuttuaan asiakkaaseen.<\/p>\n<p><strong>Kela<\/strong><\/p>\n<p>Teemme Kelan sopimuksella vaativaa l\u00e4\u00e4kinn\u00e4llist\u00e4 kuntoutusta, ratsastusterapiaa fysioterapianviitekehyksest\u00e4. Uusi sopimuskausi alkaa tammikuussa 2023. Toimimme Kelan l\u00e4ntisen piirin alueella.\u00a0 \u00a0<span style=\"font-size: revert;\">Meille mahtuu uusia asiakkaita ratsastusterapiaan.<\/span><\/p>\n<p><span style=\"font-size: 14pt;\"><strong>Terapeutit<\/strong><\/span><\/p>\n<p><strong>Ella Tuori<\/strong> on Suomen ensimm\u00e4isi\u00e4 ratsastusterapeutteja, valmistunut vuonna 1990 ja tehnyt pitk\u00e4n ty\u00f6uran kotitilallaan.\u00a0 Kokemusta on vuosin varrella kertynyt valtavasti erilaisten asiakasryhmien kanssa. Kouluttautuminen on Ellalle ollut aina t\u00e4rke\u00e4\u00e4 ja vuosien varrelta on\u00a0 lukuisia jatkokoulutuksia k\u00e4ytyn\u00e4. Ellalla on my\u00f6s uusien terapiahevosten kouluttamisessa vahva osaaminen. Ella tekee terapiaa suomenkielell\u00e4.<\/p>\n<p><strong> Jutta Tuori<\/strong> valmistui 3.3.2013 ratsastusterapeutiksi(SRT) Yp\u00e4j\u00e4n hevosopistolta. Jutta tekee t\u00e4ll\u00e4 hetkell\u00e4 p\u00e4\u00e4ty\u00f6kseen fysioterapiaan omassa fysikaalisessa hoitolaitoksessa, mutta avustaa ja tuuraa Ellaa tarpeen mukaan. Jutta on perehtynyt ja jatkokouluttautunut kipufysioterapiaan ja tehnyt my\u00f6s lopputy\u00f6ns\u00e4 ratsastusterapiaopinnoissa ratsastusterapian hy\u00f6dyist\u00e4 kroonisen kivun hoidossa. Vuonna 2025 osaaminen t\u00e4ydentyi psykofyysisen fysioterapian t\u00e4ydennyskoulutuksella Tampereen Ammattikorkeakoulussa. Psykofyysisen fysioterapian l\u00e4hestymistapa tukee ja t\u00e4ydent\u00e4\u00e4 hyvin ratsastusterapiaty\u00f6t\u00e4.\u00a0 Tulokset t\u00e4m\u00e4n hetkisen ty\u00f6kokemuksen (13 vuotta)kautta n\u00e4ytt\u00e4\u00e4 ratsastusterapialla olevan oma paikkansa my\u00f6s kroonisen kivun hoidossa. Jutta k\u00e4vi 2013 kertomassa aiheesta my\u00f6s Skotlannissa ratsastusterapian Euroopan miitingiss\u00e4. Terapian toteutus onnistuu suomen- tai englanninkielell\u00e4.<\/p>\n<p><strong>Keijo Soo<\/strong> on Tuorin Ratsutilan tallimestari ja toimii ratsastusterapia-avustajana. Keijo tuntee hevoset l\u00e4pikotaisin ja h\u00e4nen kokemuksensa ja\u00a0 rauhallinen olemuksensa luo lis\u00e4\u00e4 rentoutta ja turvallisuutta terapiatilanteisiin.<\/p>\n<p>Tuorin Ratsutilalla on useamman vuoden ajan j\u00e4rjestetty ratsastusterapiakoulutuksen k\u00e4yt\u00e4nn\u00f6nharjoitteluosuuksia.Nyky\u00e4\u00e4n koulutus j\u00e4rjestet\u00e4\u00e4n kokonaisuudessaan Yp\u00e4j\u00e4n Hevosopistolla.<\/p>\n<p>Tutustu lis\u00e4\u00e4 ratsastusterapiaan:\u00a0http:\/\/www.suomenratsastusterapeutit.fi<\/p>\n<p>Soita ja kysy lis\u00e4\u00e4!<\/p>\n<p>0503737231 \/ Jutta, 0505573450\/Ella<\/p>\n","protected":false},"excerpt":{"rendered":"<p>Ratsastusterapia on yksil\u00f6llist\u00e4, suunnitelmallista ja tavoitteellista kuntoutusta, jossa ratsastaja on mukana kehollaan ja tunteillaan. Keskeist\u00e4 on asiakkaan, hevosen ja terapeutin vuorovaikutus. Ratsastusterapiassa saavutetaan fyysisen kehonhallinnan lis\u00e4ksi el\u00e4myksi\u00e4, joita omassa arjessa olevien haasteiden takia ei muuten ole mahdollista saavuttaa. Onnistumiset ja kehityksen selke\u00e4 huomaaminen tukee itsetunnon kehittymist\u00e4. Ratsastusterapialla on my\u00f6s kasvatuksellisia tavoitteita mm. itsehillint\u00e4, keskittyminen, pelon &hellip; <\/p>\n<p class=\"link-more\"><a href=\"https:\/\/www.fhl.fi\/?page_id=463\" class=\"more-link\">Jatka lukemista<span class=\"screen-reader-text\"> &#8221;Ratsastusterapia&#8221;<\/span><\/a><\/p>\n","protected":false},"author":4,"featured_media":2343,"parent":0,"menu_order":0,"comment_status":"closed","ping_status":"closed","template":"","meta":{"footnotes":""},"class_list":["post-463","page","type-page","status-publish","has-post-thumbnail","hentry"],"_links":{"self":[{"href":"https:\/\/www.fhl.fi\/index.php?rest_route=\/wp\/v2\/pages\/463","targetHints":{"allow":["GET"]}}],"collection":[{"href":"https:\/\/www.fhl.fi\/index.php?rest_route=\/wp\/v2\/pages"}],"about":[{"href":"https:\/\/www.fhl.fi\/index.php?rest_route=\/wp\/v2\/types\/page"}],"author":[{"embeddable":true,"href":"https:\/\/www.fhl.fi\/index.php?rest_route=\/wp\/v2\/users\/4"}],"replies":[{"embeddable":true,"href":"https:\/\/www.fhl.fi\/index.php?rest_route=%2Fwp%2Fv2%2Fcomments&post=463"}],"version-history":[{"count":16,"href":"https:\/\/www.fhl.fi\/index.php?rest_route=\/wp\/v2\/pages\/463\/revisions"}],"predecessor-version":[{"id":2387,"href":"https:\/\/www.fhl.fi\/index.php?rest_route=\/wp\/v2\/pages\/463\/revisions\/2387"}],"wp:featuredmedia":[{"embeddable":true,"href":"https:\/\/www.fhl.fi\/index.php?rest_route=\/wp\/v2\/media\/2343"}],"wp:attachment":[{"href":"https:\/\/www.fhl.fi\/index.php?rest_route=%2Fwp%2Fv2%2Fmedia&parent=463"}],"curies":[{"name":"wp","href":"https:\/\/api.w.org\/{rel}","templated":true}]}}