{"id":57,"date":"2012-10-18T14:24:44","date_gmt":"2012-10-18T11:24:44","guid":{"rendered":"http:\/\/www.tuorinratsutila.fi\/hoitolaitos\/?page_id=57"},"modified":"2026-01-20T08:57:52","modified_gmt":"2026-01-20T06:57:52","slug":"historia","status":"publish","type":"page","link":"https:\/\/www.fhl.fi\/?page_id=57","title":{"rendered":"Historia"},"content":{"rendered":"<p><a href=\"http:\/\/www.fhl.fi\/wp-content\/uploads\/2012\/10\/mummeli.jpg\"><img loading=\"lazy\" decoding=\"async\" class=\"size-medium wp-image-126 alignleft\" src=\"http:\/\/www.fhl.fi\/wp-content\/uploads\/2012\/10\/mummeli-228x300.jpg\" alt=\"Aune Liuhala\" width=\"228\" height=\"300\" srcset=\"https:\/\/www.fhl.fi\/wp-content\/uploads\/2012\/10\/mummeli-228x300.jpg 228w, https:\/\/www.fhl.fi\/wp-content\/uploads\/2012\/10\/mummeli.jpg 406w\" sizes=\"auto, (max-width: 228px) 100vw, 228px\" \/><\/a>Sairaanhoitaja \/ em\u00e4nt\u00e4 Aune Liuhala \u00a0perusti \u00a0Huittisten ensimm\u00e4isen yksityisen fysikaalisen hoitolaitoksen vuonna 1968 \u00a0Kangas-Liuhalan tilalle Huittisiin. Laitoksen nimi oli Huittisten fysikaalinen hoito-ja kuntouttamislaitos.<\/p>\n<p>L\u00e4\u00e4kint\u00e4voimitelu\/ kuntoutus\u00a0 oli\u00a0 vasta\u00a0 nuorta toimintaa ja Aune Liuhalalla \u00a0oli jo silloin selv\u00e4 visio kuinka t\u00e4rke\u00e4\u00e4 ja\u00a0 ennaltaehk\u00e4isev\u00e4\u00e4 toimintaa kuntoutus on. Perustetussa laitoksessa oli ajan tasalla olevat laitteet ja hoitokoneet sek\u00e4\u00a0 p\u00e4tev\u00e4 ja innostunut henkil\u00f6kunta.<\/p>\n<p><a href=\"http:\/\/www.fhl.fi\/wp-content\/uploads\/2012\/10\/\u00e4iti.jpg\"><img loading=\"lazy\" decoding=\"async\" class=\"size-medium wp-image-129 alignleft\" src=\"http:\/\/www.fhl.fi\/wp-content\/uploads\/2012\/10\/\u00e4iti-253x300.jpg\" alt=\"Ella Tuori\" width=\"253\" height=\"300\" srcset=\"https:\/\/www.fhl.fi\/wp-content\/uploads\/2012\/10\/\u00e4iti-253x300.jpg 253w, https:\/\/www.fhl.fi\/wp-content\/uploads\/2012\/10\/\u00e4iti.jpg 451w\" sizes=\"auto, (max-width: 253px) 100vw, 253px\" \/>A<\/a>une Liuhala hoiti laitosta vuoteen 1976 asti ,jolloin laitoksen omitus siirtyi h\u00e4nen tytt\u00e4relleen l\u00e4\u00e4kint\u00e4voimistelija\u00a0 Ella Tuorille. Laitos toimi Ellan kotitilalla vuoteen 1980 asti ,jolloin se siirtyi Lauttakyl\u00e4n keskustaan Vihermaa- nimiseen kerrostaloon Yhteiskoulun viereen.<\/p>\n<p>Vuonna 1984 joulukuussa laitos vaihtoi nykyiseen toimipaikkaansa\u00a0 Pennintielle.<\/p>\n<p>Vuonna 2014 tehtiin seuraava sukupolvenvaihdos, laitos siirtyi Jutta Tuorin omistukseen. Laitos s\u00e4ilytti tutun nimen ja Ella toimii mentorina ja vastaa el\u00e4infysioterapiasta ja ratsastusterapiasta Jutan kanssa. Fysioterapeutteina toimii Jutta ja ammatinharjoittajana OMT ft Hannu Lehtim\u00e4ki.<\/p>\n<p>Uusimpana muutoksena 2025 laitoksessa remontoitiin tiloja ja Jutta otti k\u00e4ytt\u00f6\u00f6n isomman,paremmin toimintaa palvelevan hoitotilan ja Hannulle tuli k\u00e4ytt\u00f6\u00f6n oma harjoittelutila.<\/p>\n\n\n<figure class=\"wp-block-gallery has-nested-images columns-default is-cropped wp-block-gallery-1 is-layout-flex wp-block-gallery-is-layout-flex\">\n<figure class=\"wp-block-image size-large\"><a href=\"https:\/\/www.fhl.fi\/wp-content\/uploads\/2026\/01\/1000083354-scaled.jpg\"><img loading=\"lazy\" decoding=\"async\" width=\"1024\" height=\"553\" data-id=\"2362\" src=\"https:\/\/www.fhl.fi\/wp-content\/uploads\/2026\/01\/1000083354-1024x553.jpg\" alt=\"\" class=\"wp-image-2362\" srcset=\"https:\/\/www.fhl.fi\/wp-content\/uploads\/2026\/01\/1000083354-1024x553.jpg 1024w, https:\/\/www.fhl.fi\/wp-content\/uploads\/2026\/01\/1000083354-300x162.jpg 300w, https:\/\/www.fhl.fi\/wp-content\/uploads\/2026\/01\/1000083354-768x414.jpg 768w, https:\/\/www.fhl.fi\/wp-content\/uploads\/2026\/01\/1000083354-1536x829.jpg 1536w, https:\/\/www.fhl.fi\/wp-content\/uploads\/2026\/01\/1000083354-2048x1105.jpg 2048w\" sizes=\"auto, (max-width: 706px) 89vw, (max-width: 767px) 82vw, 740px\" \/><\/a><\/figure>\n\n\n\n<figure class=\"wp-block-image size-large\"><a href=\"https:\/\/www.fhl.fi\/wp-content\/uploads\/2026\/01\/1000088185.jpg\"><img loading=\"lazy\" decoding=\"async\" width=\"690\" height=\"1024\" data-id=\"2363\" src=\"https:\/\/www.fhl.fi\/wp-content\/uploads\/2026\/01\/1000088185-690x1024.jpg\" alt=\"\" class=\"wp-image-2363\" srcset=\"https:\/\/www.fhl.fi\/wp-content\/uploads\/2026\/01\/1000088185-690x1024.jpg 690w, https:\/\/www.fhl.fi\/wp-content\/uploads\/2026\/01\/1000088185-202x300.jpg 202w, https:\/\/www.fhl.fi\/wp-content\/uploads\/2026\/01\/1000088185-768x1140.jpg 768w, https:\/\/www.fhl.fi\/wp-content\/uploads\/2026\/01\/1000088185.jpg 980w\" sizes=\"auto, (max-width: 690px) 100vw, 690px\" \/><\/a><\/figure>\n<\/figure>\n\n\n\n<figure class=\"wp-block-image size-large\"><a href=\"https:\/\/www.fhl.fi\/wp-content\/uploads\/2026\/01\/1000083361-scaled.jpg\"><img loading=\"lazy\" decoding=\"async\" width=\"576\" height=\"1024\" src=\"https:\/\/www.fhl.fi\/wp-content\/uploads\/2026\/01\/1000083361-576x1024.jpg\" alt=\"\" class=\"wp-image-2364\" srcset=\"https:\/\/www.fhl.fi\/wp-content\/uploads\/2026\/01\/1000083361-576x1024.jpg 576w, https:\/\/www.fhl.fi\/wp-content\/uploads\/2026\/01\/1000083361-169x300.jpg 169w, https:\/\/www.fhl.fi\/wp-content\/uploads\/2026\/01\/1000083361-768x1365.jpg 768w, https:\/\/www.fhl.fi\/wp-content\/uploads\/2026\/01\/1000083361-864x1536.jpg 864w, https:\/\/www.fhl.fi\/wp-content\/uploads\/2026\/01\/1000083361-1152x2048.jpg 1152w, https:\/\/www.fhl.fi\/wp-content\/uploads\/2026\/01\/1000083361-scaled.jpg 1440w\" sizes=\"auto, (max-width: 576px) 100vw, 576px\" \/><\/a><\/figure>\n\n\n\n<figure class=\"wp-block-image size-large\"><a href=\"https:\/\/www.fhl.fi\/wp-content\/uploads\/2026\/01\/1000083364-scaled.jpg\"><img loading=\"lazy\" decoding=\"async\" width=\"576\" height=\"1024\" src=\"https:\/\/www.fhl.fi\/wp-content\/uploads\/2026\/01\/1000083364-576x1024.jpg\" alt=\"\" class=\"wp-image-2365\" srcset=\"https:\/\/www.fhl.fi\/wp-content\/uploads\/2026\/01\/1000083364-576x1024.jpg 576w, https:\/\/www.fhl.fi\/wp-content\/uploads\/2026\/01\/1000083364-169x300.jpg 169w, https:\/\/www.fhl.fi\/wp-content\/uploads\/2026\/01\/1000083364-768x1365.jpg 768w, https:\/\/www.fhl.fi\/wp-content\/uploads\/2026\/01\/1000083364-864x1536.jpg 864w, https:\/\/www.fhl.fi\/wp-content\/uploads\/2026\/01\/1000083364-1152x2048.jpg 1152w, https:\/\/www.fhl.fi\/wp-content\/uploads\/2026\/01\/1000083364-scaled.jpg 1440w\" sizes=\"auto, (max-width: 576px) 100vw, 576px\" \/><\/a><\/figure>\n","protected":false},"excerpt":{"rendered":"<p>Sairaanhoitaja \/ em\u00e4nt\u00e4 Aune Liuhala \u00a0perusti \u00a0Huittisten ensimm\u00e4isen yksityisen fysikaalisen hoitolaitoksen vuonna 1968 \u00a0Kangas-Liuhalan tilalle Huittisiin. Laitoksen nimi oli Huittisten fysikaalinen hoito-ja kuntouttamislaitos. L\u00e4\u00e4kint\u00e4voimitelu\/ kuntoutus\u00a0 oli\u00a0 vasta\u00a0 nuorta toimintaa ja Aune Liuhalalla \u00a0oli jo silloin selv\u00e4 visio kuinka t\u00e4rke\u00e4\u00e4 ja\u00a0 ennaltaehk\u00e4isev\u00e4\u00e4 toimintaa kuntoutus on. Perustetussa laitoksessa oli ajan tasalla olevat laitteet ja hoitokoneet sek\u00e4\u00a0 p\u00e4tev\u00e4 &hellip; <\/p>\n<p class=\"link-more\"><a href=\"https:\/\/www.fhl.fi\/?page_id=57\" class=\"more-link\">Jatka lukemista<span class=\"screen-reader-text\"> &#8221;Historia&#8221;<\/span><\/a><\/p>\n","protected":false},"author":4,"featured_media":0,"parent":0,"menu_order":0,"comment_status":"closed","ping_status":"closed","template":"","meta":{"footnotes":""},"class_list":["post-57","page","type-page","status-publish","hentry"],"_links":{"self":[{"href":"https:\/\/www.fhl.fi\/index.php?rest_route=\/wp\/v2\/pages\/57","targetHints":{"allow":["GET"]}}],"collection":[{"href":"https:\/\/www.fhl.fi\/index.php?rest_route=\/wp\/v2\/pages"}],"about":[{"href":"https:\/\/www.fhl.fi\/index.php?rest_route=\/wp\/v2\/types\/page"}],"author":[{"embeddable":true,"href":"https:\/\/www.fhl.fi\/index.php?rest_route=\/wp\/v2\/users\/4"}],"replies":[{"embeddable":true,"href":"https:\/\/www.fhl.fi\/index.php?rest_route=%2Fwp%2Fv2%2Fcomments&post=57"}],"version-history":[{"count":11,"href":"https:\/\/www.fhl.fi\/index.php?rest_route=\/wp\/v2\/pages\/57\/revisions"}],"predecessor-version":[{"id":2366,"href":"https:\/\/www.fhl.fi\/index.php?rest_route=\/wp\/v2\/pages\/57\/revisions\/2366"}],"wp:attachment":[{"href":"https:\/\/www.fhl.fi\/index.php?rest_route=%2Fwp%2Fv2%2Fmedia&parent=57"}],"curies":[{"name":"wp","href":"https:\/\/api.w.org\/{rel}","templated":true}]}}