{"id":68,"date":"2013-04-03T20:22:44","date_gmt":"2013-04-03T17:22:44","guid":{"rendered":"http:\/\/www.tuorinratsutila.fi\/hoitolaitos\/?page_id=68"},"modified":"2024-11-14T12:32:05","modified_gmt":"2024-11-14T10:32:05","slug":"hinnasto","status":"publish","type":"page","link":"https:\/\/www.fhl.fi\/?page_id=68","title":{"rendered":"Hinnasto"},"content":{"rendered":"\n<p>Hinnasto 1.1.2025 alkaen.<\/p>\n\n\n\n<p><strong>&nbsp;&nbsp;&nbsp;&nbsp;&nbsp;&nbsp;&nbsp;&nbsp;&nbsp;&nbsp;&nbsp;&nbsp;<\/strong><\/p>\n\n\n\n<p><strong>FYSIOTERAPIA enint\u00e4\u00e4n 60 min<\/strong><strong>\u00a0\u00a0\u00a0\u00a0\u00a0\u00a0\u00a0\u00a0\u00a0\u00a0\u00a0\u00a0\u00a0\u00a0\u00a0\u00a0\u00a0 78\u20ac<\/strong><\/p>\n\n\n\n<p><strong>OMT-fysioterapia enint\u00e4\u00e4n 45 min<\/strong><strong>\u00a0\u00a0\u00a0\u00a0\u00a0\u00a0\u00a0\u00a0\u00a0\u00a0\u00a0\u00a0 70\u20ac<\/strong><\/p>\n\n\n\n<p><\/p>\n\n\n\n<p><\/p>\n\n\n\n<p><strong><em>Fysioterapian hinnat sis\u00e4lt\u00e4v\u00e4t Kanta-palvelu maksun.<\/em><\/strong><\/p>\n\n\n\n<p><strong><em>Fysioterapiak\u00e4ynti sis\u00e4lt\u00e4\u00e4 hoitoajan lis\u00e4ksi my\u00f6s<\/em><\/strong><\/p>\n\n\n\n<p><strong><em>hoitokerran kirjaamisen Kantaa varten.<\/em><\/strong><\/p>\n\n\n\n<p><strong>Teit\u00e4 palvelevat:&nbsp;&nbsp;&nbsp;&nbsp;&nbsp;&nbsp;&nbsp;&nbsp;<\/strong><\/p>\n\n\n\n<p><strong>&nbsp; Jutta Tuori&nbsp;&nbsp;&nbsp;&nbsp;&nbsp;&nbsp;&nbsp;&nbsp;&nbsp;<strong>&nbsp;fysioterapeutti AMK, <strong>ratsastusterapeutti SRT&nbsp;<\/strong><\/strong>             <\/strong><\/p>\n\n\n\n<p><strong> Ella Tuori&nbsp;&nbsp;&nbsp;&nbsp;&nbsp;&nbsp;&nbsp;&nbsp;&nbsp;&nbsp;fysioterapeutti, <strong> ratsastusterapeutti SRT&nbsp;&nbsp;&nbsp;&nbsp;<\/strong>&nbsp;               <\/strong><\/p>\n\n\n\n<p><strong>  Hannu Lehtim\u00e4ki&nbsp;&nbsp;&nbsp;&nbsp;fysioterapeutti&nbsp;<\/strong>,<strong> OMT<\/strong><\/p>\n\n\n\n<p><strong>&nbsp;&nbsp; <\/strong><\/p>\n\n\n\n<p><strong>ESTEEN SATTUESSA MUISTATHAN PERUUTTAA AIKASI AJOISSA!<\/strong><\/p>\n\n\n\n<p><strong><u>PERUUTTAMATON AIKA LASKUTETAAN.<\/u><\/strong><\/p>\n","protected":false},"excerpt":{"rendered":"<p>Hinnasto 1.1.2025 alkaen. &nbsp;&nbsp;&nbsp;&nbsp;&nbsp;&nbsp;&nbsp;&nbsp;&nbsp;&nbsp;&nbsp;&nbsp; FYSIOTERAPIA enint\u00e4\u00e4n 60 min\u00a0\u00a0\u00a0\u00a0\u00a0\u00a0\u00a0\u00a0\u00a0\u00a0\u00a0\u00a0\u00a0\u00a0\u00a0\u00a0\u00a0 78\u20ac OMT-fysioterapia enint\u00e4\u00e4n 45 min\u00a0\u00a0\u00a0\u00a0\u00a0\u00a0\u00a0\u00a0\u00a0\u00a0\u00a0\u00a0 70\u20ac Fysioterapian hinnat sis\u00e4lt\u00e4v\u00e4t Kanta-palvelu maksun. Fysioterapiak\u00e4ynti sis\u00e4lt\u00e4\u00e4 hoitoajan lis\u00e4ksi my\u00f6s hoitokerran kirjaamisen Kantaa varten. Teit\u00e4 palvelevat:&nbsp;&nbsp;&nbsp;&nbsp;&nbsp;&nbsp;&nbsp;&nbsp; &nbsp; Jutta Tuori&nbsp;&nbsp;&nbsp;&nbsp;&nbsp;&nbsp;&nbsp;&nbsp;&nbsp;&nbsp;fysioterapeutti AMK, ratsastusterapeutti SRT&nbsp; Ella Tuori&nbsp;&nbsp;&nbsp;&nbsp;&nbsp;&nbsp;&nbsp;&nbsp;&nbsp;&nbsp;fysioterapeutti, ratsastusterapeutti SRT&nbsp;&nbsp;&nbsp;&nbsp;&nbsp; Hannu Lehtim\u00e4ki&nbsp;&nbsp;&nbsp;&nbsp;fysioterapeutti&nbsp;, OMT &nbsp;&nbsp; ESTEEN SATTUESSA MUISTATHAN PERUUTTAA AIKASI AJOISSA! PERUUTTAMATON AIKA LASKUTETAAN.<\/p>\n","protected":false},"author":4,"featured_media":0,"parent":0,"menu_order":100,"comment_status":"closed","ping_status":"closed","template":"","meta":{"footnotes":""},"class_list":["post-68","page","type-page","status-publish","hentry"],"_links":{"self":[{"href":"https:\/\/www.fhl.fi\/index.php?rest_route=\/wp\/v2\/pages\/68","targetHints":{"allow":["GET"]}}],"collection":[{"href":"https:\/\/www.fhl.fi\/index.php?rest_route=\/wp\/v2\/pages"}],"about":[{"href":"https:\/\/www.fhl.fi\/index.php?rest_route=\/wp\/v2\/types\/page"}],"author":[{"embeddable":true,"href":"https:\/\/www.fhl.fi\/index.php?rest_route=\/wp\/v2\/users\/4"}],"replies":[{"embeddable":true,"href":"https:\/\/www.fhl.fi\/index.php?rest_route=%2Fwp%2Fv2%2Fcomments&post=68"}],"version-history":[{"count":18,"href":"https:\/\/www.fhl.fi\/index.php?rest_route=\/wp\/v2\/pages\/68\/revisions"}],"predecessor-version":[{"id":2345,"href":"https:\/\/www.fhl.fi\/index.php?rest_route=\/wp\/v2\/pages\/68\/revisions\/2345"}],"wp:attachment":[{"href":"https:\/\/www.fhl.fi\/index.php?rest_route=%2Fwp%2Fv2%2Fmedia&parent=68"}],"curies":[{"name":"wp","href":"https:\/\/api.w.org\/{rel}","templated":true}]}}